{"id":354,"date":"2025-07-03T17:25:51","date_gmt":"2025-07-03T15:25:51","guid":{"rendered":"https:\/\/tenzing-consulting.fr\/?page_id=354"},"modified":"2025-07-03T17:25:51","modified_gmt":"2025-07-03T15:25:51","slug":"formation-2023-2024","status":"publish","type":"page","link":"https:\/\/tenzing-consulting.fr\/?page_id=354","title":{"rendered":"Formation 2023 \/ 2024"},"content":{"rendered":"\n<p class=\"has-text-align-left\"><br><\/p>\n\n\n\n<p><\/p>\n\n\n<div class=\"wp-block-image\">\n<figure class=\"aligncenter size-full is-resized\"><img loading=\"lazy\" decoding=\"async\" width=\"414\" height=\"408\" src=\"https:\/\/tenzing-consulting.fr\/wp-content\/uploads\/2025\/07\/image.png\" alt=\"\" class=\"wp-image-357\" style=\"width:174px;height:auto\" srcset=\"https:\/\/tenzing-consulting.fr\/wp-content\/uploads\/2025\/07\/image.png 414w, https:\/\/tenzing-consulting.fr\/wp-content\/uploads\/2025\/07\/image-300x296.png 300w\" sizes=\"auto, (max-width: 414px) 100vw, 414px\" \/><\/figure>\n<\/div>\n\n\n<p class=\"has-text-align-center\"><br>Dans un monde digital qui \u00e9volue de plus en plus<br>rapidement, vous souhaitez mener vos projets au<br>succ\u00e8s avec agilit\u00e9 en ma\u00eetrisant les m\u00e9thodes et les<br>outils du management de projet<br>L\u2019 Executive Online Certificate Management de<br>projet@CentraleSup\u00e9lec Exed vous donne les<br>m\u00e9thodes, les outils et les cl\u00e9s pour adopter<br>les comportements ad\u00e9quats pour conduire vos<br>projets, mobiliser les parties prenantes et conduire le<br>changement<br><\/p>\n\n\n\n<p class=\"has-text-align-center\"><\/p>\n\n\n\n<figure class=\"wp-block-image size-full\"><img loading=\"lazy\" decoding=\"async\" width=\"889\" height=\"619\" src=\"https:\/\/tenzing-consulting.fr\/wp-content\/uploads\/2025\/07\/image-1.png\" alt=\"\" class=\"wp-image-359\" srcset=\"https:\/\/tenzing-consulting.fr\/wp-content\/uploads\/2025\/07\/image-1.png 889w, https:\/\/tenzing-consulting.fr\/wp-content\/uploads\/2025\/07\/image-1-300x209.png 300w, https:\/\/tenzing-consulting.fr\/wp-content\/uploads\/2025\/07\/image-1-768x535.png 768w\" sizes=\"auto, (max-width: 889px) 100vw, 889px\" \/><\/figure>\n\n\n\n<p class=\"has-text-align-center\"><\/p>\n\n\n\n<p class=\"has-text-align-center\"><\/p>\n\n\n\n<p><\/p>\n","protected":false},"excerpt":{"rendered":"<p>Dans un monde digital qui \u00e9volue de plus en plusrapidement, vous souhaitez mener vos projets ausucc\u00e8s avec agilit\u00e9 en ma\u00eetrisant les m\u00e9thodes et lesoutils du management de projetL\u2019 Executive Online Certificate Management deprojet@CentraleSup\u00e9lec Exed vous donne lesm\u00e9thodes, les outils et les cl\u00e9s pour adopterles comportements ad\u00e9quats pour conduire vosprojets, mobiliser les parties prenantes et conduire lechangement<\/p>\n","protected":false},"author":1,"featured_media":0,"parent":0,"menu_order":0,"comment_status":"closed","ping_status":"closed","template":"","meta":{"footnotes":""},"class_list":["post-354","page","type-page","status-publish"],"_links":{"self":[{"href":"https:\/\/tenzing-consulting.fr\/index.php?rest_route=\/wp\/v2\/pages\/354","targetHints":{"allow":["GET"]}}],"collection":[{"href":"https:\/\/tenzing-consulting.fr\/index.php?rest_route=\/wp\/v2\/pages"}],"about":[{"href":"https:\/\/tenzing-consulting.fr\/index.php?rest_route=\/wp\/v2\/types\/page"}],"author":[{"embeddable":true,"href":"https:\/\/tenzing-consulting.fr\/index.php?rest_route=\/wp\/v2\/users\/1"}],"replies":[{"embeddable":true,"href":"https:\/\/tenzing-consulting.fr\/index.php?rest_route=%2Fwp%2Fv2%2Fcomments&post=354"}],"version-history":[{"count":8,"href":"https:\/\/tenzing-consulting.fr\/index.php?rest_route=\/wp\/v2\/pages\/354\/revisions"}],"predecessor-version":[{"id":364,"href":"https:\/\/tenzing-consulting.fr\/index.php?rest_route=\/wp\/v2\/pages\/354\/revisions\/364"}],"wp:attachment":[{"href":"https:\/\/tenzing-consulting.fr\/index.php?rest_route=%2Fwp%2Fv2%2Fmedia&parent=354"}],"curies":[{"name":"wp","href":"https:\/\/api.w.org\/{rel}","templated":true}]}}