{"id":343,"date":"2025-06-29T15:13:32","date_gmt":"2025-06-29T13:13:32","guid":{"rendered":"https:\/\/tenzing-consulting.fr\/?page_id=343"},"modified":"2025-07-27T08:13:29","modified_gmt":"2025-07-27T06:13:29","slug":"les-missions-en-cours-en-2025","status":"publish","type":"page","link":"https:\/\/tenzing-consulting.fr\/?page_id=343","title":{"rendered":"Mission en cours en 2025"},"content":{"rendered":"\n<p class=\"has-text-align-center has-large-font-size\"><strong>Direction de projet :  Hermod<\/strong><\/p>\n\n\n<div class=\"wp-block-image\">\n<figure class=\"aligncenter size-full is-resized\"><img loading=\"lazy\" decoding=\"async\" width=\"792\" height=\"445\" src=\"https:\/\/tenzing-consulting.fr\/wp-content\/uploads\/2025\/06\/20201119_NP_DTPM_Innovation.jpg\" alt=\"\" class=\"wp-image-352\" style=\"width:263px;height:auto\" srcset=\"https:\/\/tenzing-consulting.fr\/wp-content\/uploads\/2025\/06\/20201119_NP_DTPM_Innovation.jpg 792w, https:\/\/tenzing-consulting.fr\/wp-content\/uploads\/2025\/06\/20201119_NP_DTPM_Innovation-300x169.jpg 300w, https:\/\/tenzing-consulting.fr\/wp-content\/uploads\/2025\/06\/20201119_NP_DTPM_Innovation-768x432.jpg 768w\" sizes=\"auto, (max-width: 792px) 100vw, 792px\" \/><\/figure>\n<\/div>\n\n\n<p>Le minist\u00e8re des Arm\u00e9es est en charge de la pr\u00e9paration et de la mise en \u0153uvre de la politique de d\u00e9fense de la France. Il assure la protection du territoire, des citoyens et des int\u00e9r\u00eats nationaux, en France comme \u00e0 l\u2019\u00e9tranger. Il regroupe les trois arm\u00e9es (Terre, Air et Marine), ainsi que des services interarm\u00e9es et directions sp\u00e9cialis\u00e9es. Le minist\u00e8re g\u00e8re un important budget, des ressources humaines et un parc technologique strat\u00e9gique. Il joue un r\u00f4le central dans la souverainet\u00e9, la s\u00e9curit\u00e9 et l\u2019innovation de d\u00e9fense.<\/p>\n\n\n\n<p>La mission HERMOD vise \u00e0 mettre en place un socle num\u00e9rique unifi\u00e9 (infocentre) pour les applications dataviz au sein du minist\u00e8re des Arm\u00e9es. Elle s\u2019inscrit dans une d\u00e9marche de modernisation, d\u2019urbanisation et de s\u00e9curisation des syst\u00e8mes d&rsquo;information. Le projet s\u2019appuie sur une architecture modulaire, interop\u00e9rable et scalable (Postgresql, Talend &amp; Replicate). Il inclut le d\u00e9ploiement de services communs, le raccordement des applications m\u00e9tiers et la gestion des donn\u00e9es. <\/p>\n\n\n<div class=\"wp-block-image\">\n<figure class=\"aligncenter size-full is-resized\"><img loading=\"lazy\" decoding=\"async\" width=\"600\" height=\"330\" src=\"https:\/\/tenzing-consulting.fr\/wp-content\/uploads\/2025\/06\/business-people-team-boss-manager-600nw-461527519.webp\" alt=\"\" class=\"wp-image-351\" style=\"width:284px;height:auto\" srcset=\"https:\/\/tenzing-consulting.fr\/wp-content\/uploads\/2025\/06\/business-people-team-boss-manager-600nw-461527519.webp 600w, https:\/\/tenzing-consulting.fr\/wp-content\/uploads\/2025\/06\/business-people-team-boss-manager-600nw-461527519-300x165.webp 300w\" sizes=\"auto, (max-width: 600px) 100vw, 600px\" \/><\/figure>\n<\/div>\n\n\n<p>Le r\u00f4le de la direction de projet dans le cadre de la mission HERMOD est de piloter l\u2019ensemble des phases du projet, depuis le cadrage jusqu&rsquo;\u00e0 la mise en production. Elle assure la coordination des parties prenantes (minist\u00e8re, \u00e9diteurs,  et clients finaux), veille au respect des d\u00e9lais, des budgets et des objectifs fonctionnels. Elle arbitre les priorit\u00e9s, g\u00e8re les risques et valide les jalons cl\u00e9s. Elle encadre les \u00e9quipes projet et garantit la qualit\u00e9 des livrables. Enfin, elle rend compte de l\u2019avancement et facilite la prise de d\u00e9cision strat\u00e9gique.<\/p>\n","protected":false},"excerpt":{"rendered":"<p>Direction de projet : Hermod Le minist\u00e8re des Arm\u00e9es est en charge de la pr\u00e9paration et de la mise en \u0153uvre de la politique de d\u00e9fense de la France. Il assure la protection du territoire, des citoyens et des int\u00e9r\u00eats nationaux, en France comme \u00e0 l\u2019\u00e9tranger. Il regroupe les trois arm\u00e9es (Terre, Air et Marine), ainsi que des services interarm\u00e9es et directions sp\u00e9cialis\u00e9es. Le minist\u00e8re g\u00e8re un important budget, des ressources humaines et un parc technologique strat\u00e9gique. Il joue un r\u00f4le central dans la souverainet\u00e9, la s\u00e9curit\u00e9 et l\u2019innovation de d\u00e9fense. La mission HERMOD vise \u00e0 mettre en place un socle num\u00e9rique unifi\u00e9 (infocentre) pour les applications dataviz au sein du minist\u00e8re des Arm\u00e9es. Elle s\u2019inscrit dans une d\u00e9marche de modernisation, d\u2019urbanisation et de s\u00e9curisation des syst\u00e8mes d&rsquo;information. Le projet s\u2019appuie sur une architecture modulaire, interop\u00e9rable et scalable (Postgresql, Talend &amp; Replicate). Il inclut le d\u00e9ploiement de services communs, le&hellip;<\/p>\n<p> <a class=\"more-link\" href=\"https:\/\/tenzing-consulting.fr\/?page_id=343\">Read more<\/a><\/p>\n","protected":false},"author":1,"featured_media":0,"parent":0,"menu_order":0,"comment_status":"closed","ping_status":"closed","template":"","meta":{"footnotes":""},"class_list":["post-343","page","type-page","status-publish"],"_links":{"self":[{"href":"https:\/\/tenzing-consulting.fr\/index.php?rest_route=\/wp\/v2\/pages\/343","targetHints":{"allow":["GET"]}}],"collection":[{"href":"https:\/\/tenzing-consulting.fr\/index.php?rest_route=\/wp\/v2\/pages"}],"about":[{"href":"https:\/\/tenzing-consulting.fr\/index.php?rest_route=\/wp\/v2\/types\/page"}],"author":[{"embeddable":true,"href":"https:\/\/tenzing-consulting.fr\/index.php?rest_route=\/wp\/v2\/users\/1"}],"replies":[{"embeddable":true,"href":"https:\/\/tenzing-consulting.fr\/index.php?rest_route=%2Fwp%2Fv2%2Fcomments&post=343"}],"version-history":[{"count":6,"href":"https:\/\/tenzing-consulting.fr\/index.php?rest_route=\/wp\/v2\/pages\/343\/revisions"}],"predecessor-version":[{"id":366,"href":"https:\/\/tenzing-consulting.fr\/index.php?rest_route=\/wp\/v2\/pages\/343\/revisions\/366"}],"wp:attachment":[{"href":"https:\/\/tenzing-consulting.fr\/index.php?rest_route=%2Fwp%2Fv2%2Fmedia&parent=343"}],"curies":[{"name":"wp","href":"https:\/\/api.w.org\/{rel}","templated":true}]}}