{"id":224,"date":"2023-10-05T14:39:32","date_gmt":"2023-10-05T12:39:32","guid":{"rendered":"https:\/\/tenzing-consulting.fr\/?page_id=224"},"modified":"2024-12-18T14:04:55","modified_gmt":"2024-12-18T13:04:55","slug":"les-missions-realisees-en-2023","status":"publish","type":"page","link":"https:\/\/tenzing-consulting.fr\/?page_id=224","title":{"rendered":"Les missions r\u00e9alis\u00e9es en 2023"},"content":{"rendered":"\n<h2 class=\"wp-block-heading\"><em><strong>Int\u00e9grateur Oracle ERP<\/strong><\/em><\/h2>\n\n\n\n<div class=\"wp-block-group\"><div class=\"wp-block-group__inner-container is-layout-constrained wp-block-group-is-layout-constrained\">\n<details class=\"wp-block-details is-layout-flow wp-block-details-is-layout-flow\"><summary>Directeur commercial, en charge du d\u00e9veloppement de l&rsquo;activit\u00e9, en  maximisant le taux d&rsquo;occupation (r\u00e9duire les inters contrats) des consultants, tout en recrutant des nouveaux talents, pour g\u00e9n\u00e9rer de la croissance<br><br>Mission sur 1 an , 3 jours par semaine<br><br>R\u00e9alisation sur l&rsquo;ann\u00e9e 2023<br><br>   A.  Ouverture de deux nouveaux comptes clients sur des missions sup\u00e9rieures \u00e0 un an<br>   B. Processus complet de recrutement, de la recherche, \u00e0 l&rsquo;identification et aux entretiens des candidats : <br><br>      *  une collaboratrice recrut\u00e9e, et ceci conforme aux objectifs  <br><\/summary>\n<p><\/p>\n\n\n\n<p><\/p>\n\n\n\n<p>Directeur commercial, en charge du d\u00e9veloppement de l&rsquo;activit\u00e9, ce qui se traduit, par maximiser le taux d&rsquo;occupation des collaborateurs consultant, tout en recrutant des nouveaux talents<br><br>R\u00e9alisation  2023<br><br>   A.  Ouverture de deux nouveaux comptes clients sur des missions longues dur\u00e9es<br>   B. Processus complet de recrutement, de la recherche, \u00e0 l&rsquo;identification et aux entretiens de candidats,      un collaborateur recrut\u00e9 conforme aux objectifs  <\/p>\n\n\n\n<p><\/p>\n\n\n\n<p><\/p>\n\n\n\n<p><\/p>\n<\/details>\n<\/div><\/div>\n\n\n\n<h2 class=\"wp-block-heading\"><em>Industriel BtC leader sur son march\u00e9    <\/em><\/h2>\n\n\n\n<p>Accompagnement de la direction Supply Chain Directeur  dans l&rsquo;initialisation de projets strat\u00e9giques pour l&rsquo;entreprise : Mise \u00e0 jour du Core model ERP et organisation ressources pour le d\u00e9ploiement d&rsquo;un WMS groupe <br><br>Mission de 3 mois, 2 jours par semaine<\/p>\n\n\n\n<p><\/p>\n","protected":false},"excerpt":{"rendered":"<p>Int\u00e9grateur Oracle ERP Industriel BtC leader sur son march\u00e9 Accompagnement de la direction Supply Chain Directeur dans l&rsquo;initialisation de projets strat\u00e9giques pour l&rsquo;entreprise : Mise \u00e0 jour du Core model ERP et organisation ressources pour le d\u00e9ploiement d&rsquo;un WMS groupe Mission de 3 mois, 2 jours par semaine<\/p>\n","protected":false},"author":1,"featured_media":0,"parent":0,"menu_order":0,"comment_status":"closed","ping_status":"closed","template":"","meta":{"footnotes":""},"class_list":["post-224","page","type-page","status-publish"],"_links":{"self":[{"href":"https:\/\/tenzing-consulting.fr\/index.php?rest_route=\/wp\/v2\/pages\/224","targetHints":{"allow":["GET"]}}],"collection":[{"href":"https:\/\/tenzing-consulting.fr\/index.php?rest_route=\/wp\/v2\/pages"}],"about":[{"href":"https:\/\/tenzing-consulting.fr\/index.php?rest_route=\/wp\/v2\/types\/page"}],"author":[{"embeddable":true,"href":"https:\/\/tenzing-consulting.fr\/index.php?rest_route=\/wp\/v2\/users\/1"}],"replies":[{"embeddable":true,"href":"https:\/\/tenzing-consulting.fr\/index.php?rest_route=%2Fwp%2Fv2%2Fcomments&post=224"}],"version-history":[{"count":24,"href":"https:\/\/tenzing-consulting.fr\/index.php?rest_route=\/wp\/v2\/pages\/224\/revisions"}],"predecessor-version":[{"id":296,"href":"https:\/\/tenzing-consulting.fr\/index.php?rest_route=\/wp\/v2\/pages\/224\/revisions\/296"}],"wp:attachment":[{"href":"https:\/\/tenzing-consulting.fr\/index.php?rest_route=%2Fwp%2Fv2%2Fmedia&parent=224"}],"curies":[{"name":"wp","href":"https:\/\/api.w.org\/{rel}","templated":true}]}}