{"id":167,"date":"2023-09-28T16:56:36","date_gmt":"2023-09-28T14:56:36","guid":{"rendered":"https:\/\/tenzing-consulting.fr\/?page_id=167"},"modified":"2024-12-19T09:18:17","modified_gmt":"2024-12-19T08:18:17","slug":"test","status":"publish","type":"page","link":"https:\/\/tenzing-consulting.fr\/","title":{"rendered":"La Transformation Digitale"},"content":{"rendered":"\n<h3 class=\"wp-block-heading\"><\/h3>\n\n\n\n<p><\/p>\n\n\n\n<p>La transformation digitale correspond au processus par lequel une entreprise int\u00e8gre les&nbsp;technologies digitales&nbsp;dans l&rsquo;int\u00e9gralit\u00e9 de ses activit\u00e9s. En effet, elle ne concerne pas uniquement la&nbsp;digitalisation&nbsp;de la&nbsp;communication, du marketing, ou du commerce mais l&rsquo;ensemble des processus financiers, industriels, logistiques                                                                                                                                            Cette&nbsp;<strong>transition digitale<\/strong>&nbsp;inclut un changement de mentalit\u00e9 de tous les collaborateurs. Il s&rsquo;agit d&rsquo;un processus complet qui introduit toutes les avanc\u00e9es technologiques n\u00e9cessaires \u00e0 une entreprise pour \u00e9voluer dans son march\u00e9 et avoir un avantage comp\u00e9titif. C&rsquo;est un \u00e9l\u00e9ment vital aujourd&rsquo;hui.     <\/p>\n\n\n\n<p>Tourn\u00e9e vers l&rsquo;<strong>innovation<\/strong>, la digitalisation n&rsquo;inclut pas uniquement l&rsquo;utilisation des nouvelles technologies de l&rsquo;information et de la communication. Elle s&rsquo;int\u00e8gre jusque dans le mod\u00e8le \u00e9conomique des entreprises. <\/p>\n\n\n\n<p>Accompagner les entreprises dans les \u00e9volutions technologiques, n\u00e9cessaires aujourd&rsquo;hui, tout en combinant la gestion du <em>Change Management<\/em>, tant au niveau du management que des utilisateurs finaux<\/p>\n\n\n\n<p><\/p>\n\n\n\n<p><\/p>\n\n\n\n<p><strong>TenZing Consulting<\/strong>  vous propose son expertise dans le domaine, issue de plus de vingt ans chez un \u00e9diteur ERP, leader sur son march\u00e9, agr\u00e9ment\u00e9e d&rsquo;une expertise m\u00e9tier (SCM) dans l&rsquo;industrie <\/p>\n\n\n\n<p>Je reste \u00e0 votre disposition pour \u00e9changer sur vos projets<\/p>\n","protected":false},"excerpt":{"rendered":"<p>La transformation digitale correspond au processus par lequel une entreprise int\u00e8gre les&nbsp;technologies digitales&nbsp;dans l&rsquo;int\u00e9gralit\u00e9 de ses activit\u00e9s. En effet, elle ne concerne pas uniquement la&nbsp;digitalisation&nbsp;de la&nbsp;communication, du marketing, ou du commerce mais l&rsquo;ensemble des processus financiers, industriels, logistiques Cette&nbsp;transition digitale&nbsp;inclut un changement de mentalit\u00e9 de tous les collaborateurs. Il s&rsquo;agit d&rsquo;un processus complet qui introduit toutes les avanc\u00e9es technologiques n\u00e9cessaires \u00e0 une entreprise pour \u00e9voluer dans son march\u00e9 et avoir un avantage comp\u00e9titif. C&rsquo;est un \u00e9l\u00e9ment vital aujourd&rsquo;hui. Tourn\u00e9e vers l&rsquo;innovation, la digitalisation n&rsquo;inclut pas uniquement l&rsquo;utilisation des nouvelles technologies de l&rsquo;information et de la communication. Elle s&rsquo;int\u00e8gre jusque dans le mod\u00e8le \u00e9conomique des entreprises. Accompagner les entreprises dans les \u00e9volutions technologiques, n\u00e9cessaires aujourd&rsquo;hui, tout en combinant la gestion du Change Management, tant au niveau du management que des utilisateurs finaux TenZing Consulting vous propose son expertise dans le domaine, issue de plus de vingt ans chez un \u00e9diteur ERP,&hellip;<\/p>\n<p> <a class=\"more-link\" href=\"https:\/\/tenzing-consulting.fr\/\">Read more<\/a><\/p>\n","protected":false},"author":1,"featured_media":0,"parent":0,"menu_order":0,"comment_status":"closed","ping_status":"closed","template":"","meta":{"footnotes":""},"class_list":["post-167","page","type-page","status-publish"],"_links":{"self":[{"href":"https:\/\/tenzing-consulting.fr\/index.php?rest_route=\/wp\/v2\/pages\/167","targetHints":{"allow":["GET"]}}],"collection":[{"href":"https:\/\/tenzing-consulting.fr\/index.php?rest_route=\/wp\/v2\/pages"}],"about":[{"href":"https:\/\/tenzing-consulting.fr\/index.php?rest_route=\/wp\/v2\/types\/page"}],"author":[{"embeddable":true,"href":"https:\/\/tenzing-consulting.fr\/index.php?rest_route=\/wp\/v2\/users\/1"}],"replies":[{"embeddable":true,"href":"https:\/\/tenzing-consulting.fr\/index.php?rest_route=%2Fwp%2Fv2%2Fcomments&post=167"}],"version-history":[{"count":11,"href":"https:\/\/tenzing-consulting.fr\/index.php?rest_route=\/wp\/v2\/pages\/167\/revisions"}],"predecessor-version":[{"id":332,"href":"https:\/\/tenzing-consulting.fr\/index.php?rest_route=\/wp\/v2\/pages\/167\/revisions\/332"}],"wp:attachment":[{"href":"https:\/\/tenzing-consulting.fr\/index.php?rest_route=%2Fwp%2Fv2%2Fmedia&parent=167"}],"curies":[{"name":"wp","href":"https:\/\/api.w.org\/{rel}","templated":true}]}}